{"id":11684,"date":"2013-05-31T11:56:39","date_gmt":"2013-05-31T09:56:39","guid":{"rendered":"https:\/\/wytworniaslubow.pl\/contact\/"},"modified":"2025-03-11T12:58:29","modified_gmt":"2025-03-11T11:58:29","slug":"contact","status":"publish","type":"page","link":"https:\/\/wytworniaslubow.pl\/en\/contact\/","title":{"rendered":"Contact"},"content":{"rendered":"<section class=\"l-section wpb_row height_medium\"><div class=\"l-section-h g-html i-cf\"><div class=\"g-cols offset_small\"><div class=\" full-width\"><div class=\"w-person layout_toplinks\"><div class=\"w-person-image\"><img loading=\"lazy\" decoding=\"async\" src=\"https:\/\/wytworniaslubow.pl\/wp-content\/uploads\/2023\/04\/Wedding-Planner-Agnieszka-Kudela-1325-S-600x600.jpg\" width=\"600\" height=\"600\" alt=\"Agnieszka Kudela\"><\/div><div class=\"w-person-content\"><h4 class=\"w-person-name\"><span>Agnieszka Kudela<\/span><\/h4><div class=\"w-person-role\">Wedding Planner, Owner of Wytw\u00f3rnia \u015alub\u00f3w<\/div><div class=\"w-person-description\"><a href=\"tel:+48 602 250 204\">+48 602 250 204<\/a><br \/>\n<a href=\"mailto:agnieszka@wytworniaslubow.pl\">agnieszka@wytworniaslubow.pl<\/a><\/div><\/div><\/div><div class=\"g-cols wpb_row offset_small vc_inner \"><div class=\" one-half\"><div class=\"w-person layout_toplinks\"><div class=\"w-person-image\"><img loading=\"lazy\" decoding=\"async\" src=\"https:\/\/wytworniaslubow.pl\/wp-content\/uploads\/2023\/10\/Lukasz-Sabiszewski-Wedding-Planner.jpg\" width=\"600\" height=\"600\" alt=\"\u0141ukasz Sabiszewski\"><\/div><div class=\"w-person-content\"><h4 class=\"w-person-name\"><span>\u0141ukasz Sabiszewski<\/span><\/h4><div class=\"w-person-role\">Assistant, Wedding Coordinator<\/div><div class=\"w-person-description\"><a href=\"tel: +48 665 718 500\">+48 665 718 500<\/a><br \/>\n<a href=\"mailto:lukasz@wytworniaslubow.pl\">lukasz@wytworniaslubow.pl<\/a><\/div><\/div><\/div><\/div><div class=\" one-half\"><div class=\"w-person layout_toplinks\"><div class=\"w-person-image\"><img loading=\"lazy\" decoding=\"async\" src=\"https:\/\/wytworniaslubow.pl\/wp-content\/uploads\/2023\/10\/Wojciech-Kudela-Wedding-Planner.jpg\" width=\"600\" height=\"600\" alt=\"Wojciech Kudela\"><\/div><div class=\"w-person-content\"><h4 class=\"w-person-name\"><span>Wojciech Kudela<\/span><\/h4><div class=\"w-person-role\">Wedding Coordinator, Co-Owner<\/div><div class=\"w-person-description\"><a href=\"tel: +48 606 753 175\">+48 606 753 175<\/a><br \/>\n<a href=\"mailto:wojciech@wytworniaslubow.pl\">wojciech@wytworniaslubow.pl<\/a><\/div><\/div><\/div><\/div><\/div><\/div><\/div><\/div><\/section><section class=\"l-section wpb_row height_large color_alternate\"><div class=\"l-section-h g-html i-cf\"><div class=\"g-cols offset_small\"><div class=\" full-width\"><div class=\"w-gallery layout_default columns_3 with_indents link_media\"><div class=\"w-gallery-list\"><a class=\"w-gallery-item order_1\" href=\"https:\/\/wytworniaslubow.pl\/wp-content\/uploads\/2023\/08\/wedding-planner-warszawa-agnieszka-kudela-scaled.jpg\" title=\"wedding planner warszawa agnieszka kudela\"><img loading=\"lazy\" decoding=\"async\" width=\"600\" height=\"600\" src=\"https:\/\/wytworniaslubow.pl\/wp-content\/uploads\/2023\/08\/wedding-planner-warszawa-agnieszka-kudela-600x600.jpg\" class=\"w-gallery-item-img\" alt=\"\" srcset=\"https:\/\/wytworniaslubow.pl\/wp-content\/uploads\/2023\/08\/wedding-planner-warszawa-agnieszka-kudela-600x600.jpg 600w, https:\/\/wytworniaslubow.pl\/wp-content\/uploads\/2023\/08\/wedding-planner-warszawa-agnieszka-kudela-150x150.jpg 150w, https:\/\/wytworniaslubow.pl\/wp-content\/uploads\/2023\/08\/wedding-planner-warszawa-agnieszka-kudela-350x350.jpg 350w\" sizes=\"auto, (max-width: 600px) 100vw, 600px\" \/><span class=\"w-gallery-item-hover\"><\/span><span class=\"w-gallery-item-title\">wedding planner warszawa agnieszka kudela<\/span><\/a><a class=\"w-gallery-item order_2\" href=\"https:\/\/wytworniaslubow.pl\/wp-content\/uploads\/2023\/10\/DSC_7347.jpg\" title=\"DSC_7347\"><img loading=\"lazy\" decoding=\"async\" width=\"600\" height=\"600\" src=\"https:\/\/wytworniaslubow.pl\/wp-content\/uploads\/2023\/10\/DSC_7347-600x600.jpg\" class=\"w-gallery-item-img\" alt=\"\" srcset=\"https:\/\/wytworniaslubow.pl\/wp-content\/uploads\/2023\/10\/DSC_7347-600x600.jpg 600w, https:\/\/wytworniaslubow.pl\/wp-content\/uploads\/2023\/10\/DSC_7347-150x150.jpg 150w, https:\/\/wytworniaslubow.pl\/wp-content\/uploads\/2023\/10\/DSC_7347-350x350.jpg 350w\" sizes=\"auto, (max-width: 600px) 100vw, 600px\" \/><span class=\"w-gallery-item-hover\"><\/span><span class=\"w-gallery-item-title\">DSC_7347<\/span><\/a><a class=\"w-gallery-item order_3\" href=\"https:\/\/wytworniaslubow.pl\/wp-content\/uploads\/2023\/10\/06-scaled.jpg\" title=\"06\"><img loading=\"lazy\" decoding=\"async\" width=\"600\" height=\"600\" src=\"https:\/\/wytworniaslubow.pl\/wp-content\/uploads\/2023\/10\/06-600x600.jpg\" class=\"w-gallery-item-img\" alt=\"\" srcset=\"https:\/\/wytworniaslubow.pl\/wp-content\/uploads\/2023\/10\/06-600x600.jpg 600w, https:\/\/wytworniaslubow.pl\/wp-content\/uploads\/2023\/10\/06-150x150.jpg 150w, https:\/\/wytworniaslubow.pl\/wp-content\/uploads\/2023\/10\/06-350x350.jpg 350w\" sizes=\"auto, (max-width: 600px) 100vw, 600px\" \/><span class=\"w-gallery-item-hover\"><\/span><span class=\"w-gallery-item-title\">06<\/span><\/a><a class=\"w-gallery-item order_4\" href=\"https:\/\/wytworniaslubow.pl\/wp-content\/uploads\/2023\/10\/03-scaled.jpg\" title=\"03\"><img loading=\"lazy\" decoding=\"async\" width=\"600\" height=\"600\" src=\"https:\/\/wytworniaslubow.pl\/wp-content\/uploads\/2023\/10\/03-600x600.jpg\" class=\"w-gallery-item-img\" alt=\"\" srcset=\"https:\/\/wytworniaslubow.pl\/wp-content\/uploads\/2023\/10\/03-600x600.jpg 600w, https:\/\/wytworniaslubow.pl\/wp-content\/uploads\/2023\/10\/03-150x150.jpg 150w, https:\/\/wytworniaslubow.pl\/wp-content\/uploads\/2023\/10\/03-350x350.jpg 350w\" sizes=\"auto, (max-width: 600px) 100vw, 600px\" \/><span class=\"w-gallery-item-hover\"><\/span><span class=\"w-gallery-item-title\">03<\/span><\/a><a class=\"w-gallery-item order_5\" href=\"https:\/\/wytworniaslubow.pl\/wp-content\/uploads\/2023\/10\/Wytwornia_Slubow-105-scaled.jpg\" title=\"Wytwo\u0301rnia_S\u0301lubo\u0301w-105\"><img loading=\"lazy\" decoding=\"async\" width=\"600\" height=\"600\" src=\"https:\/\/wytworniaslubow.pl\/wp-content\/uploads\/2023\/10\/Wytwornia_Slubow-105-600x600.jpg\" class=\"w-gallery-item-img\" alt=\"\" srcset=\"https:\/\/wytworniaslubow.pl\/wp-content\/uploads\/2023\/10\/Wytwornia_Slubow-105-600x600.jpg 600w, https:\/\/wytworniaslubow.pl\/wp-content\/uploads\/2023\/10\/Wytwornia_Slubow-105-150x150.jpg 150w, https:\/\/wytworniaslubow.pl\/wp-content\/uploads\/2023\/10\/Wytwornia_Slubow-105-350x350.jpg 350w\" sizes=\"auto, (max-width: 600px) 100vw, 600px\" \/><span class=\"w-gallery-item-hover\"><\/span><span class=\"w-gallery-item-title\">Wytwo\u0301rnia_S\u0301lubo\u0301w-105<\/span><\/a><a class=\"w-gallery-item order_6\" href=\"https:\/\/wytworniaslubow.pl\/wp-content\/uploads\/2023\/10\/Wytwornia_Slubow-57-scaled.jpg\" title=\"Wytwo\u0301rnia_S\u0301lubo\u0301w-57\"><img loading=\"lazy\" decoding=\"async\" width=\"600\" height=\"600\" src=\"https:\/\/wytworniaslubow.pl\/wp-content\/uploads\/2023\/10\/Wytwornia_Slubow-57-600x600.jpg\" class=\"w-gallery-item-img\" alt=\"\" srcset=\"https:\/\/wytworniaslubow.pl\/wp-content\/uploads\/2023\/10\/Wytwornia_Slubow-57-600x600.jpg 600w, https:\/\/wytworniaslubow.pl\/wp-content\/uploads\/2023\/10\/Wytwornia_Slubow-57-150x150.jpg 150w, https:\/\/wytworniaslubow.pl\/wp-content\/uploads\/2023\/10\/Wytwornia_Slubow-57-350x350.jpg 350w\" sizes=\"auto, (max-width: 600px) 100vw, 600px\" \/><span class=\"w-gallery-item-hover\"><\/span><span class=\"w-gallery-item-title\">Wytwo\u0301rnia_S\u0301lubo\u0301w-57<\/span><\/a><a class=\"w-gallery-item order_7\" href=\"https:\/\/wytworniaslubow.pl\/wp-content\/uploads\/2023\/10\/Wytwornia_Slubow-80-scaled.jpg\" title=\"Wytwo\u0301rnia_S\u0301lubo\u0301w-80\"><img loading=\"lazy\" decoding=\"async\" width=\"600\" height=\"600\" src=\"https:\/\/wytworniaslubow.pl\/wp-content\/uploads\/2023\/10\/Wytwornia_Slubow-80-600x600.jpg\" class=\"w-gallery-item-img\" alt=\"\" srcset=\"https:\/\/wytworniaslubow.pl\/wp-content\/uploads\/2023\/10\/Wytwornia_Slubow-80-600x600.jpg 600w, https:\/\/wytworniaslubow.pl\/wp-content\/uploads\/2023\/10\/Wytwornia_Slubow-80-150x150.jpg 150w, https:\/\/wytworniaslubow.pl\/wp-content\/uploads\/2023\/10\/Wytwornia_Slubow-80-350x350.jpg 350w\" sizes=\"auto, (max-width: 600px) 100vw, 600px\" \/><span class=\"w-gallery-item-hover\"><\/span><span class=\"w-gallery-item-title\">Wytwo\u0301rnia_S\u0301lubo\u0301w-80<\/span><\/a><a class=\"w-gallery-item order_8\" href=\"https:\/\/wytworniaslubow.pl\/wp-content\/uploads\/2023\/10\/Wytwornia_Slubow-69-scaled.jpg\" title=\"Wytwo\u0301rnia_S\u0301lubo\u0301w-69\"><img loading=\"lazy\" decoding=\"async\" width=\"600\" height=\"600\" src=\"https:\/\/wytworniaslubow.pl\/wp-content\/uploads\/2023\/10\/Wytwornia_Slubow-69-600x600.jpg\" class=\"w-gallery-item-img\" alt=\"\" srcset=\"https:\/\/wytworniaslubow.pl\/wp-content\/uploads\/2023\/10\/Wytwornia_Slubow-69-600x600.jpg 600w, https:\/\/wytworniaslubow.pl\/wp-content\/uploads\/2023\/10\/Wytwornia_Slubow-69-150x150.jpg 150w, https:\/\/wytworniaslubow.pl\/wp-content\/uploads\/2023\/10\/Wytwornia_Slubow-69-350x350.jpg 350w\" sizes=\"auto, (max-width: 600px) 100vw, 600px\" \/><span class=\"w-gallery-item-hover\"><\/span><span class=\"w-gallery-item-title\">Wytwo\u0301rnia_S\u0301lubo\u0301w-69<\/span><\/a><a class=\"w-gallery-item order_9\" href=\"https:\/\/wytworniaslubow.pl\/wp-content\/uploads\/2023\/10\/DSC_7340.jpg\" title=\"DSC_7340\"><img loading=\"lazy\" decoding=\"async\" width=\"600\" height=\"600\" src=\"https:\/\/wytworniaslubow.pl\/wp-content\/uploads\/2023\/10\/DSC_7340-600x600.jpg\" class=\"w-gallery-item-img\" alt=\"\" srcset=\"https:\/\/wytworniaslubow.pl\/wp-content\/uploads\/2023\/10\/DSC_7340-600x600.jpg 600w, https:\/\/wytworniaslubow.pl\/wp-content\/uploads\/2023\/10\/DSC_7340-150x150.jpg 150w, https:\/\/wytworniaslubow.pl\/wp-content\/uploads\/2023\/10\/DSC_7340-350x350.jpg 350w\" sizes=\"auto, (max-width: 600px) 100vw, 600px\" \/><span class=\"w-gallery-item-hover\"><\/span><span class=\"w-gallery-item-title\">DSC_7340<\/span><\/a><a class=\"w-gallery-item order_10\" href=\"https:\/\/wytworniaslubow.pl\/wp-content\/uploads\/2023\/10\/01-scaled.jpg\" title=\"01\"><img loading=\"lazy\" decoding=\"async\" width=\"600\" height=\"600\" src=\"https:\/\/wytworniaslubow.pl\/wp-content\/uploads\/2023\/10\/01-600x600.jpg\" class=\"w-gallery-item-img\" alt=\"\" srcset=\"https:\/\/wytworniaslubow.pl\/wp-content\/uploads\/2023\/10\/01-600x600.jpg 600w, https:\/\/wytworniaslubow.pl\/wp-content\/uploads\/2023\/10\/01-150x150.jpg 150w, https:\/\/wytworniaslubow.pl\/wp-content\/uploads\/2023\/10\/01-350x350.jpg 350w\" sizes=\"auto, (max-width: 600px) 100vw, 600px\" \/><span class=\"w-gallery-item-hover\"><\/span><span class=\"w-gallery-item-title\">01<\/span><\/a><a class=\"w-gallery-item order_11\" href=\"https:\/\/wytworniaslubow.pl\/wp-content\/uploads\/2023\/08\/wytwornia-slubow-wedding-planners-scaled.jpg\" title=\"Wytw\u00f3rnia \u015alub\u00f3w wedding planners\"><img loading=\"lazy\" decoding=\"async\" width=\"600\" height=\"600\" src=\"https:\/\/wytworniaslubow.pl\/wp-content\/uploads\/2023\/08\/wytwornia-slubow-wedding-planners-600x600.jpg\" class=\"w-gallery-item-img\" alt=\"\" srcset=\"https:\/\/wytworniaslubow.pl\/wp-content\/uploads\/2023\/08\/wytwornia-slubow-wedding-planners-600x600.jpg 600w, https:\/\/wytworniaslubow.pl\/wp-content\/uploads\/2023\/08\/wytwornia-slubow-wedding-planners-150x150.jpg 150w, https:\/\/wytworniaslubow.pl\/wp-content\/uploads\/2023\/08\/wytwornia-slubow-wedding-planners-350x350.jpg 350w\" sizes=\"auto, (max-width: 600px) 100vw, 600px\" \/><span class=\"w-gallery-item-hover\"><\/span><span class=\"w-gallery-item-title\">Wytw\u00f3rnia \u015alub\u00f3w wedding planners<\/span><\/a><a class=\"w-gallery-item order_12\" href=\"https:\/\/wytworniaslubow.pl\/wp-content\/uploads\/2023\/10\/DSC_7424.jpg\" title=\"DSC_7424\"><img loading=\"lazy\" decoding=\"async\" width=\"600\" height=\"600\" src=\"https:\/\/wytworniaslubow.pl\/wp-content\/uploads\/2023\/10\/DSC_7424-600x600.jpg\" class=\"w-gallery-item-img\" alt=\"\" srcset=\"https:\/\/wytworniaslubow.pl\/wp-content\/uploads\/2023\/10\/DSC_7424-600x600.jpg 600w, https:\/\/wytworniaslubow.pl\/wp-content\/uploads\/2023\/10\/DSC_7424-150x150.jpg 150w, https:\/\/wytworniaslubow.pl\/wp-content\/uploads\/2023\/10\/DSC_7424-350x350.jpg 350w\" sizes=\"auto, (max-width: 600px) 100vw, 600px\" \/><span class=\"w-gallery-item-hover\"><\/span><span class=\"w-gallery-item-title\">DSC_7424<\/span><\/a><\/div><\/div>\n<\/div><\/div><\/div><\/section><section class=\"l-section wpb_row height_medium\"><div class=\"l-section-h g-html i-cf\"><div class=\"g-cols offset_small\"><div class=\" one-half\"><div class=\"wpb_text_column \"><div class=\"wpb_wrapper\">\n<h5 style=\"text-align: center;\">Address:<\/h5>\n<p style=\"text-align: center;\">Wytw\u00f3rnia \u015alub\u00f3w &#8211; Wedding Planners<br \/>\nal. Iberyjska 10\/2, 81-198 Pog\u00f3rze, Gdynia<\/p>\n<\/div> <\/div> <\/div><div class=\" one-half\"><div class=\"wpb_text_column \"><div class=\"wpb_wrapper\">\n<h5 style=\"text-align: center;\">Address:<\/h5>\n<p style=\"text-align: center;\">Wytw\u00f3rnia \u015alub\u00f3w &#8211; Wedding Planners<br \/>\nNowogrodzka 64\/43, 02-014 Warszawa<br \/>\nmeetings available by appointment only<\/p>\n<\/div> <\/div> <\/div><\/div><\/div><\/section>\n","protected":false},"excerpt":{"rendered":"Agnieszka KudelaWedding Planner, Owner of Wytw\u00f3rnia \u015alub\u00f3w+48 602 250 204 agnieszka@wytworniaslubow.pl\u0141ukasz SabiszewskiAssistant, Wedding Coordinator+48 665 718 500 lukasz@wytworniaslubow.plWojciech KudelaWedding Coordinator, Co-Owner+48 606 753 175 wojciech@wytworniaslubow.plwedding planner warszawa agnieszka kudelaDSC_73470603Wytwo\u0301rnia_S\u0301lubo\u0301w-105Wytwo\u0301rnia_S\u0301lubo\u0301w-57Wytwo\u0301rnia_S\u0301lubo\u0301w-80Wytwo\u0301rnia_S\u0301lubo\u0301w-69DSC_734001Wytw\u00f3rnia \u015alub\u00f3w...","protected":false},"author":1,"featured_media":0,"parent":0,"menu_order":0,"comment_status":"closed","ping_status":"closed","template":"","meta":{"footnotes":""},"class_list":["post-11684","page","type-page","status-publish","hentry"],"yoast_head":"<!-- This site is optimized with the Yoast SEO plugin v26.6 - https:\/\/yoast.com\/wordpress\/plugins\/seo\/ -->\n<title>Contact | Wytw\u00f3rnia \u015alub\u00f3w\u00ae<\/title>\n<meta name=\"robots\" content=\"index, follow, max-snippet:-1, max-image-preview:large, max-video-preview:-1\" \/>\n<link rel=\"canonical\" href=\"https:\/\/wytworniaslubow.pl\/en\/contact\/\" \/>\n<meta property=\"og:locale\" content=\"en_US\" \/>\n<meta property=\"og:type\" content=\"article\" \/>\n<meta property=\"og:title\" content=\"Contact | Wytw\u00f3rnia \u015alub\u00f3w\u00ae\" \/>\n<meta property=\"og:url\" content=\"https:\/\/wytworniaslubow.pl\/en\/contact\/\" \/>\n<meta property=\"og:site_name\" content=\"Wytw\u00f3rnia \u015alub\u00f3w\u00ae\" \/>\n<meta property=\"article:modified_time\" content=\"2025-03-11T11:58:29+00:00\" \/>\n<meta property=\"og:image\" content=\"https:\/\/wytworniaslubow.pl\/wp-content\/uploads\/2019\/03\/Wytwornia_Slubow_Wedding_Planners.png\" \/>\n<meta name=\"twitter:card\" content=\"summary_large_image\" \/>\n<meta name=\"twitter:label1\" content=\"Est. reading time\" \/>\n\t<meta name=\"twitter:data1\" content=\"1 minute\" \/>\n<script type=\"application\/ld+json\" class=\"yoast-schema-graph\">{\"@context\":\"https:\/\/schema.org\",\"@graph\":[{\"@type\":\"WebPage\",\"@id\":\"https:\/\/wytworniaslubow.pl\/en\/contact\/\",\"url\":\"https:\/\/wytworniaslubow.pl\/en\/contact\/\",\"name\":\"Contact | Wytw\u00f3rnia \u015alub\u00f3w\u00ae\",\"isPartOf\":{\"@id\":\"https:\/\/wytworniaslubow.pl\/en\/#website\"},\"datePublished\":\"2013-05-31T09:56:39+00:00\",\"dateModified\":\"2025-03-11T11:58:29+00:00\",\"breadcrumb\":{\"@id\":\"https:\/\/wytworniaslubow.pl\/en\/contact\/#breadcrumb\"},\"inLanguage\":\"en-US\",\"potentialAction\":[{\"@type\":\"ReadAction\",\"target\":[\"https:\/\/wytworniaslubow.pl\/en\/contact\/\"]}]},{\"@type\":\"BreadcrumbList\",\"@id\":\"https:\/\/wytworniaslubow.pl\/en\/contact\/#breadcrumb\",\"itemListElement\":[{\"@type\":\"ListItem\",\"position\":1,\"name\":\"Strona g\u0142\u00f3wna\",\"item\":\"https:\/\/wytworniaslubow.pl\/en\/\"},{\"@type\":\"ListItem\",\"position\":2,\"name\":\"Contact\"}]},{\"@type\":\"WebSite\",\"@id\":\"https:\/\/wytworniaslubow.pl\/en\/#website\",\"url\":\"https:\/\/wytworniaslubow.pl\/en\/\",\"name\":\"Wytw\u00f3rnia \u015alub\u00f3w\u00ae\",\"description\":\"\",\"potentialAction\":[{\"@type\":\"SearchAction\",\"target\":{\"@type\":\"EntryPoint\",\"urlTemplate\":\"https:\/\/wytworniaslubow.pl\/en\/?s={search_term_string}\"},\"query-input\":{\"@type\":\"PropertyValueSpecification\",\"valueRequired\":true,\"valueName\":\"search_term_string\"}}],\"inLanguage\":\"en-US\"}]}<\/script>\n<!-- \/ Yoast SEO plugin. -->","yoast_head_json":{"title":"Contact | Wytw\u00f3rnia \u015alub\u00f3w\u00ae","robots":{"index":"index","follow":"follow","max-snippet":"max-snippet:-1","max-image-preview":"max-image-preview:large","max-video-preview":"max-video-preview:-1"},"canonical":"https:\/\/wytworniaslubow.pl\/en\/contact\/","og_locale":"en_US","og_type":"article","og_title":"Contact | Wytw\u00f3rnia \u015alub\u00f3w\u00ae","og_url":"https:\/\/wytworniaslubow.pl\/en\/contact\/","og_site_name":"Wytw\u00f3rnia \u015alub\u00f3w\u00ae","article_modified_time":"2025-03-11T11:58:29+00:00","og_image":[{"url":"https:\/\/wytworniaslubow.pl\/wp-content\/uploads\/2019\/03\/Wytwornia_Slubow_Wedding_Planners.png","type":"","width":"","height":""}],"twitter_card":"summary_large_image","twitter_misc":{"Est. reading time":"1 minute"},"schema":{"@context":"https:\/\/schema.org","@graph":[{"@type":"WebPage","@id":"https:\/\/wytworniaslubow.pl\/en\/contact\/","url":"https:\/\/wytworniaslubow.pl\/en\/contact\/","name":"Contact | Wytw\u00f3rnia \u015alub\u00f3w\u00ae","isPartOf":{"@id":"https:\/\/wytworniaslubow.pl\/en\/#website"},"datePublished":"2013-05-31T09:56:39+00:00","dateModified":"2025-03-11T11:58:29+00:00","breadcrumb":{"@id":"https:\/\/wytworniaslubow.pl\/en\/contact\/#breadcrumb"},"inLanguage":"en-US","potentialAction":[{"@type":"ReadAction","target":["https:\/\/wytworniaslubow.pl\/en\/contact\/"]}]},{"@type":"BreadcrumbList","@id":"https:\/\/wytworniaslubow.pl\/en\/contact\/#breadcrumb","itemListElement":[{"@type":"ListItem","position":1,"name":"Strona g\u0142\u00f3wna","item":"https:\/\/wytworniaslubow.pl\/en\/"},{"@type":"ListItem","position":2,"name":"Contact"}]},{"@type":"WebSite","@id":"https:\/\/wytworniaslubow.pl\/en\/#website","url":"https:\/\/wytworniaslubow.pl\/en\/","name":"Wytw\u00f3rnia \u015alub\u00f3w\u00ae","description":"","potentialAction":[{"@type":"SearchAction","target":{"@type":"EntryPoint","urlTemplate":"https:\/\/wytworniaslubow.pl\/en\/?s={search_term_string}"},"query-input":{"@type":"PropertyValueSpecification","valueRequired":true,"valueName":"search_term_string"}}],"inLanguage":"en-US"}]}},"_links":{"self":[{"href":"https:\/\/wytworniaslubow.pl\/en\/wp-json\/wp\/v2\/pages\/11684","targetHints":{"allow":["GET"]}}],"collection":[{"href":"https:\/\/wytworniaslubow.pl\/en\/wp-json\/wp\/v2\/pages"}],"about":[{"href":"https:\/\/wytworniaslubow.pl\/en\/wp-json\/wp\/v2\/types\/page"}],"author":[{"embeddable":true,"href":"https:\/\/wytworniaslubow.pl\/en\/wp-json\/wp\/v2\/users\/1"}],"replies":[{"embeddable":true,"href":"https:\/\/wytworniaslubow.pl\/en\/wp-json\/wp\/v2\/comments?post=11684"}],"version-history":[{"count":16,"href":"https:\/\/wytworniaslubow.pl\/en\/wp-json\/wp\/v2\/pages\/11684\/revisions"}],"predecessor-version":[{"id":18707,"href":"https:\/\/wytworniaslubow.pl\/en\/wp-json\/wp\/v2\/pages\/11684\/revisions\/18707"}],"wp:attachment":[{"href":"https:\/\/wytworniaslubow.pl\/en\/wp-json\/wp\/v2\/media?parent=11684"}],"curies":[{"name":"wp","href":"https:\/\/api.w.org\/{rel}","templated":true}]}}