{"id":11686,"date":"2013-05-31T11:57:37","date_gmt":"2013-05-31T09:57:37","guid":{"rendered":"https:\/\/wytworniaslubow.pl\/about-us\/"},"modified":"2023-10-10T16:16:05","modified_gmt":"2023-10-10T14:16:05","slug":"about-us","status":"publish","type":"page","link":"https:\/\/wytworniaslubow.pl\/en\/about-us\/","title":{"rendered":"About us"},"content":{"rendered":"<section class=\"l-section wpb_row height_medium\"><div class=\"l-section-h g-html i-cf\"><div class=\"g-cols offset_small\"><div class=\" full-width\"><div class=\"wpb_text_column \"><div class=\"wpb_wrapper\">\n<h3 style=\"text-align: center;\">Wytw\u00f3rnia \u015alub\u00f3w \u00ae \u00a0&#8211; Wedding Planners<\/h3>\n<\/div> <\/div> <div class=\"wpb_text_column \"><div class=\"wpb_wrapper\">\n<p style=\"text-align: center;\">Wedding Agency Wytw\u00f3rnia \u015alub\u00f3w\u00ae\ufe0f is a recognized brand throughout Poland and abroad.<\/p>\n<p style=\"text-align: center;\">We have been present on the market since 2010, and during this time we have had the pleasure of organizing over 200 weddings.<\/p>\n<p style=\"text-align: center;\">We are backed by experience, professionalism, creativity, attention to every detail and, above all, the happiness of our clients, who invite us to participate in this extraordinary event which is the Wedding Day.<\/p>\n<\/div> <\/div> <\/div><\/div><\/div><\/section><section class=\"l-section wpb_row height_medium\"><div class=\"l-section-h g-html i-cf\"><div class=\"g-cols offset_small\"><div class=\" full-width\"><div class=\"w-person layout_toplinks with_icons\"><div class=\"w-person-image\"><a class=\"w-person-link\" href=\"https:\/\/warszawa.wytworniaslubow.pl\/pl\/#o-mnie\" target=\"_blank\"><img loading=\"lazy\" decoding=\"async\" src=\"https:\/\/wytworniaslubow.pl\/wp-content\/uploads\/2023\/04\/Wedding-Planner-Agnieszka-Kudela-1325-S-600x600.jpg\" width=\"600\" height=\"600\" alt=\"Agnieszka Kudela\"><\/a><div class=\"w-person-links\"><div class=\"w-person-links-list\"><a class=\"w-person-links-item\" href=\"mailto:agnieszka@wytworniaslubow.pl\"><i class=\"fa fa-envelope\"><\/i><\/a><a class=\"w-person-links-item\" href=\"https:\/\/www.facebook.com\/WytworniaSlubow\/\" target=\"_blank\"><i class=\"fa fa-facebook\"><\/i><\/a><\/div><\/div><\/div><div class=\"w-person-content\"><a class=\"w-person-link\" href=\"https:\/\/warszawa.wytworniaslubow.pl\/pl\/#o-mnie\" target=\"_blank\"><h4 class=\"w-person-name\"><span>Agnieszka Kudela<\/span><\/h4><\/a><div class=\"w-person-role\">Wedding Planner, Owner of Wytw\u00f3rni \u015alub\u00f3w<\/div><div class=\"w-person-description\"><a href=\"tel:+48 602 250 204\">+48 602 250 204<\/a><br \/>\n<a href=\"mailto:agnieszka@wytworniaslubow.pl\">agnieszka@wytworniaslubow.pl<\/a><\/div><\/div><\/div><div class=\"wpb_text_column \"><div class=\"wpb_wrapper\">\n<h2 style=\"text-align: center;\">Our team &#8211; Wedding Consultants<\/h2>\n<\/div> <\/div> <div class=\"w-separator type_invisible size_medium thick_1 style_solid color_border cont_icon\"><span class=\"w-separator-h\"><i class=\"fa fa-star\"><\/i><\/span><\/div><div class=\"g-cols wpb_row offset_large vc_inner \"><div class=\" one-half\"><div class=\"w-person layout_toplinks\"><div class=\"w-person-image\"><img loading=\"lazy\" decoding=\"async\" src=\"https:\/\/wytworniaslubow.pl\/wp-content\/uploads\/2021\/08\/Kurs-Wedding-Planner.png\" width=\"599\" height=\"599\" alt=\"\u0141ukasz Sabiszewski\"><\/div><div class=\"w-person-content\"><h4 class=\"w-person-name\"><span>\u0141ukasz Sabiszewski<\/span><\/h4><div class=\"w-person-role\">Assistant, Wedding Coordinator<\/div><div class=\"w-person-description\"><a href=\"tel: +48 791 992 486\">+48 791 992 486<\/a><br \/>\n<a href=\"mailto:lukasz@wytworniaslubow.pl\">lukasz@wytworniaslubow.pl<\/a><\/div><\/div><\/div><\/div><div class=\" one-half\"><div class=\"w-person layout_toplinks\"><div class=\"w-person-image\"><img loading=\"lazy\" decoding=\"async\" src=\"https:\/\/wytworniaslubow.pl\/wp-content\/uploads\/2021\/08\/Wedding-Planner.jpg\" width=\"600\" height=\"600\" alt=\"Wojciech Kudela\"><\/div><div class=\"w-person-content\"><h4 class=\"w-person-name\"><span>Wojciech Kudela<\/span><\/h4><div class=\"w-person-role\">Wedding Coordinator<\/div><div class=\"w-person-description\"><a href=\"tel:+48 606 75 31 75\">+48 606 75 31 75<\/a><br \/>\n<a href=\"mailto:wojciech@wytworniaslubow.pl\">wojciech@wytworniaslubow.pl<\/a><\/div><\/div><\/div><\/div><\/div><\/div><\/div><\/div><\/section><section class=\"l-section wpb_row height_medium\"><div class=\"l-section-h g-html i-cf\"><div class=\"g-cols offset_small\"><div class=\" full-width\"><div class=\"w-separator type_invisible size_medium thick_1 style_solid color_border cont_icon\"><span class=\"w-separator-h\"><i class=\"fa fa-star\"><\/i><\/span><\/div><div class=\"wpb_text_column \"><div class=\"wpb_wrapper\">\n<p style=\"text-align: center;\">The highest standard of our services is confirmed by membership<br \/>\nfounder of Wytw\u00f3rnia \u015alub\u00f3w, Agnieszka Kudela<br \/>\nin the elite Polish Association of Wedding Consultants<\/p>\n<p style=\"text-align: center;\"><img loading=\"lazy\" decoding=\"async\" class=\"alignnone size-medium wp-image-6631\" src=\"https:\/\/wytworniaslubow.pl\/wp-content\/uploads\/2017\/04\/logo_psks-300x102.png\" alt=\"\" width=\"300\" height=\"102\" srcset=\"https:\/\/wytworniaslubow.pl\/wp-content\/uploads\/2017\/04\/logo_psks-300x102.png 300w, https:\/\/wytworniaslubow.pl\/wp-content\/uploads\/2017\/04\/logo_psks.png 500w\" sizes=\"auto, (max-width: 300px) 100vw, 300px\" \/><\/p>\n<\/div> <\/div> <\/div><\/div><\/div><\/section><section class=\"l-section wpb_row height_medium\"><div class=\"l-section-h g-html i-cf\"><div class=\"g-cols offset_small\"><div class=\" full-width\"><\/div><\/div><\/div><\/section>\n","protected":false},"excerpt":{"rendered":"Wytw\u00f3rnia \u015alub\u00f3w \u00ae \u00a0- Wedding Planners Wedding Agency Wytw\u00f3rnia \u015alub\u00f3w\u00ae\ufe0f is a recognized brand throughout Poland and abroad. We have been present on the market since 2010, and during this...","protected":false},"author":1,"featured_media":18802,"parent":0,"menu_order":0,"comment_status":"closed","ping_status":"closed","template":"","meta":{"footnotes":""},"class_list":["post-11686","page","type-page","status-publish","has-post-thumbnail","hentry"],"yoast_head":"<!-- This site is optimized with the Yoast SEO plugin v26.6 - https:\/\/yoast.com\/wordpress\/plugins\/seo\/ -->\n<title>About us | Wytw\u00f3rnia \u015alub\u00f3w\u00ae<\/title>\n<meta name=\"robots\" content=\"index, follow, max-snippet:-1, max-image-preview:large, max-video-preview:-1\" \/>\n<link rel=\"canonical\" href=\"https:\/\/wytworniaslubow.pl\/pl\/o-nas\/\" \/>\n<meta property=\"og:locale\" content=\"en_US\" \/>\n<meta property=\"og:type\" content=\"article\" \/>\n<meta property=\"og:title\" content=\"About us | Wytw\u00f3rnia \u015alub\u00f3w\u00ae\" \/>\n<meta property=\"og:url\" content=\"https:\/\/wytworniaslubow.pl\/pl\/o-nas\/\" \/>\n<meta property=\"og:site_name\" content=\"Wytw\u00f3rnia \u015alub\u00f3w\u00ae\" \/>\n<meta property=\"article:modified_time\" content=\"2023-10-10T14:16:05+00:00\" \/>\n<meta property=\"og:image\" content=\"https:\/\/wytworniaslubow.pl\/wp-content\/uploads\/2017\/04\/logo_psks-300x102.png\" \/>\n<meta name=\"twitter:card\" content=\"summary_large_image\" \/>\n<meta name=\"twitter:label1\" content=\"Est. reading time\" \/>\n\t<meta name=\"twitter:data1\" content=\"2 minutes\" \/>\n<script type=\"application\/ld+json\" class=\"yoast-schema-graph\">{\"@context\":\"https:\/\/schema.org\",\"@graph\":[{\"@type\":\"WebPage\",\"@id\":\"https:\/\/wytworniaslubow.pl\/pl\/o-nas\/\",\"url\":\"https:\/\/wytworniaslubow.pl\/pl\/o-nas\/\",\"name\":\"About us | Wytw\u00f3rnia \u015alub\u00f3w\u00ae\",\"isPartOf\":{\"@id\":\"https:\/\/wytworniaslubow.pl\/en\/#website\"},\"primaryImageOfPage\":{\"@id\":\"https:\/\/wytworniaslubow.pl\/pl\/o-nas\/#primaryimage\"},\"image\":{\"@id\":\"https:\/\/wytworniaslubow.pl\/pl\/o-nas\/#primaryimage\"},\"thumbnailUrl\":\"https:\/\/wytworniaslubow.pl\/wp-content\/uploads\/2025\/03\/Wytwornia_Slubow-1.jpg\",\"datePublished\":\"2013-05-31T09:57:37+00:00\",\"dateModified\":\"2023-10-10T14:16:05+00:00\",\"breadcrumb\":{\"@id\":\"https:\/\/wytworniaslubow.pl\/pl\/o-nas\/#breadcrumb\"},\"inLanguage\":\"en-US\",\"potentialAction\":[{\"@type\":\"ReadAction\",\"target\":[\"https:\/\/wytworniaslubow.pl\/pl\/o-nas\/\"]}]},{\"@type\":\"ImageObject\",\"inLanguage\":\"en-US\",\"@id\":\"https:\/\/wytworniaslubow.pl\/pl\/o-nas\/#primaryimage\",\"url\":\"https:\/\/wytworniaslubow.pl\/wp-content\/uploads\/2025\/03\/Wytwornia_Slubow-1.jpg\",\"contentUrl\":\"https:\/\/wytworniaslubow.pl\/wp-content\/uploads\/2025\/03\/Wytwornia_Slubow-1.jpg\",\"width\":683,\"height\":1024},{\"@type\":\"BreadcrumbList\",\"@id\":\"https:\/\/wytworniaslubow.pl\/pl\/o-nas\/#breadcrumb\",\"itemListElement\":[{\"@type\":\"ListItem\",\"position\":1,\"name\":\"Strona g\u0142\u00f3wna\",\"item\":\"https:\/\/wytworniaslubow.pl\/en\/\"},{\"@type\":\"ListItem\",\"position\":2,\"name\":\"About us\"}]},{\"@type\":\"WebSite\",\"@id\":\"https:\/\/wytworniaslubow.pl\/en\/#website\",\"url\":\"https:\/\/wytworniaslubow.pl\/en\/\",\"name\":\"Wytw\u00f3rnia \u015alub\u00f3w\u00ae\",\"description\":\"\",\"potentialAction\":[{\"@type\":\"SearchAction\",\"target\":{\"@type\":\"EntryPoint\",\"urlTemplate\":\"https:\/\/wytworniaslubow.pl\/en\/?s={search_term_string}\"},\"query-input\":{\"@type\":\"PropertyValueSpecification\",\"valueRequired\":true,\"valueName\":\"search_term_string\"}}],\"inLanguage\":\"en-US\"}]}<\/script>\n<!-- \/ Yoast SEO plugin. -->","yoast_head_json":{"title":"About us | Wytw\u00f3rnia \u015alub\u00f3w\u00ae","robots":{"index":"index","follow":"follow","max-snippet":"max-snippet:-1","max-image-preview":"max-image-preview:large","max-video-preview":"max-video-preview:-1"},"canonical":"https:\/\/wytworniaslubow.pl\/pl\/o-nas\/","og_locale":"en_US","og_type":"article","og_title":"About us | Wytw\u00f3rnia \u015alub\u00f3w\u00ae","og_url":"https:\/\/wytworniaslubow.pl\/pl\/o-nas\/","og_site_name":"Wytw\u00f3rnia \u015alub\u00f3w\u00ae","article_modified_time":"2023-10-10T14:16:05+00:00","og_image":[{"url":"https:\/\/wytworniaslubow.pl\/wp-content\/uploads\/2017\/04\/logo_psks-300x102.png","type":"","width":"","height":""}],"twitter_card":"summary_large_image","twitter_misc":{"Est. reading time":"2 minutes"},"schema":{"@context":"https:\/\/schema.org","@graph":[{"@type":"WebPage","@id":"https:\/\/wytworniaslubow.pl\/pl\/o-nas\/","url":"https:\/\/wytworniaslubow.pl\/pl\/o-nas\/","name":"About us | Wytw\u00f3rnia \u015alub\u00f3w\u00ae","isPartOf":{"@id":"https:\/\/wytworniaslubow.pl\/en\/#website"},"primaryImageOfPage":{"@id":"https:\/\/wytworniaslubow.pl\/pl\/o-nas\/#primaryimage"},"image":{"@id":"https:\/\/wytworniaslubow.pl\/pl\/o-nas\/#primaryimage"},"thumbnailUrl":"https:\/\/wytworniaslubow.pl\/wp-content\/uploads\/2025\/03\/Wytwornia_Slubow-1.jpg","datePublished":"2013-05-31T09:57:37+00:00","dateModified":"2023-10-10T14:16:05+00:00","breadcrumb":{"@id":"https:\/\/wytworniaslubow.pl\/pl\/o-nas\/#breadcrumb"},"inLanguage":"en-US","potentialAction":[{"@type":"ReadAction","target":["https:\/\/wytworniaslubow.pl\/pl\/o-nas\/"]}]},{"@type":"ImageObject","inLanguage":"en-US","@id":"https:\/\/wytworniaslubow.pl\/pl\/o-nas\/#primaryimage","url":"https:\/\/wytworniaslubow.pl\/wp-content\/uploads\/2025\/03\/Wytwornia_Slubow-1.jpg","contentUrl":"https:\/\/wytworniaslubow.pl\/wp-content\/uploads\/2025\/03\/Wytwornia_Slubow-1.jpg","width":683,"height":1024},{"@type":"BreadcrumbList","@id":"https:\/\/wytworniaslubow.pl\/pl\/o-nas\/#breadcrumb","itemListElement":[{"@type":"ListItem","position":1,"name":"Strona g\u0142\u00f3wna","item":"https:\/\/wytworniaslubow.pl\/en\/"},{"@type":"ListItem","position":2,"name":"About us"}]},{"@type":"WebSite","@id":"https:\/\/wytworniaslubow.pl\/en\/#website","url":"https:\/\/wytworniaslubow.pl\/en\/","name":"Wytw\u00f3rnia \u015alub\u00f3w\u00ae","description":"","potentialAction":[{"@type":"SearchAction","target":{"@type":"EntryPoint","urlTemplate":"https:\/\/wytworniaslubow.pl\/en\/?s={search_term_string}"},"query-input":{"@type":"PropertyValueSpecification","valueRequired":true,"valueName":"search_term_string"}}],"inLanguage":"en-US"}]}},"_links":{"self":[{"href":"https:\/\/wytworniaslubow.pl\/en\/wp-json\/wp\/v2\/pages\/11686","targetHints":{"allow":["GET"]}}],"collection":[{"href":"https:\/\/wytworniaslubow.pl\/en\/wp-json\/wp\/v2\/pages"}],"about":[{"href":"https:\/\/wytworniaslubow.pl\/en\/wp-json\/wp\/v2\/types\/page"}],"author":[{"embeddable":true,"href":"https:\/\/wytworniaslubow.pl\/en\/wp-json\/wp\/v2\/users\/1"}],"replies":[{"embeddable":true,"href":"https:\/\/wytworniaslubow.pl\/en\/wp-json\/wp\/v2\/comments?post=11686"}],"version-history":[{"count":2,"href":"https:\/\/wytworniaslubow.pl\/en\/wp-json\/wp\/v2\/pages\/11686\/revisions"}],"predecessor-version":[{"id":14791,"href":"https:\/\/wytworniaslubow.pl\/en\/wp-json\/wp\/v2\/pages\/11686\/revisions\/14791"}],"wp:featuredmedia":[{"embeddable":true,"href":"https:\/\/wytworniaslubow.pl\/en\/wp-json\/wp\/v2\/media\/18802"}],"wp:attachment":[{"href":"https:\/\/wytworniaslubow.pl\/en\/wp-json\/wp\/v2\/media?parent=11686"}],"curies":[{"name":"wp","href":"https:\/\/api.w.org\/{rel}","templated":true}]}}