{"id":10280,"date":"2020-09-09T12:21:33","date_gmt":"2020-09-09T10:21:33","guid":{"rendered":"https:\/\/wytworniaslubow.pl\/?page_id=10280"},"modified":"2023-10-24T15:49:10","modified_gmt":"2023-10-24T13:49:10","slug":"slub-humanistyczny-co-to","status":"publish","type":"page","link":"https:\/\/wytworniaslubow.pl\/pl\/slub-humanistyczny-co-to\/","title":{"rendered":"\u015alub humanistyczny &#8211; co to?"},"content":{"rendered":"<section class=\"l-section wpb_row height_medium color_alternate\"><div class=\"l-section-h g-html i-cf\"><div class=\"g-cols offset_small\"><div class=\" full-width\"><div class=\"wpb_text_column \"><div class=\"wpb_wrapper\">\n<h1>Ceremonia w duchu humanizmu: co to jest \u015blub humanistyczny?<\/h1>\n<\/div> <\/div> <\/div><\/div><\/div><\/section><section class=\"l-section wpb_row height_small\"><div class=\"l-section-h g-html i-cf\"><div class=\"g-cols offset_small\"><div class=\" two-thirds\"><div class=\"wpb_text_column \"><div class=\"wpb_wrapper\">\n<h2>\u015alub humanistyczny<\/h2>\n<\/div> <\/div> <div class=\"wpb_text_column \"><div class=\"wpb_wrapper\"><p>\u015alub humanistyczny to pomys\u0142 na \u015blub w plenerze, o jakim zawsze marzy\u0142a\u015b. Nie niesie ze sob\u0105 skutk\u00f3w prawnych, ale mo\u017ce by\u0107 wyj\u0105tkow\u0105 chwil\u0105 z zaplanowanym przez Was scenariuszem. Je\u015bli bliskie s\u0105 Wam idee humanist\u00f3w, mo\u017ce \u015blub humanistyczny b\u0119dzie dla Was najlepszym rozwi\u0105zaniem.<\/p>\n<p>W Polsce najcz\u0119\u015bciej zawieranymi formami \u015blubu s\u0105 \u015bluby cywilne oraz konkordatowe. Nie wszyscy jednak wiedz\u0105, \u017ce istniej\u0105 jeszcze inne rodzaje mo\u017cliwo\u015bci. Mamy tu na my\u015bli \u015bluby humanistyczne oraz symboliczne. Nie maj\u0105 one form prawnych, ale mimo wszystko zyskuj\u0105 coraz wi\u0119ksz\u0105 popularno\u015b\u0107.<\/p><\/div> <\/div> <\/div><div class=\" one-third\"><div class=\"w-image  align_center\"><img loading=\"lazy\" decoding=\"async\" width=\"600\" height=\"600\" src=\"https:\/\/wytworniaslubow.pl\/wp-content\/uploads\/2020\/09\/slub-humanistyczny-co-to-1.jpg\" class=\"attachment-full size-full\" alt=\"\u015alub humanistyczny - co to?\" srcset=\"https:\/\/wytworniaslubow.pl\/wp-content\/uploads\/2020\/09\/slub-humanistyczny-co-to-1.jpg 600w, https:\/\/wytworniaslubow.pl\/wp-content\/uploads\/2020\/09\/slub-humanistyczny-co-to-1-150x150.jpg 150w, https:\/\/wytworniaslubow.pl\/wp-content\/uploads\/2020\/09\/slub-humanistyczny-co-to-1-300x300.jpg 300w, https:\/\/wytworniaslubow.pl\/wp-content\/uploads\/2020\/09\/slub-humanistyczny-co-to-1-350x350.jpg 350w\" sizes=\"auto, (max-width: 600px) 100vw, 600px\" \/><\/div><\/div><\/div><\/div><\/section><section class=\"l-section wpb_row height_small\"><div class=\"l-section-h g-html i-cf\"><div class=\"g-cols offset_small\"><div class=\" two-thirds\"><div class=\"wpb_text_column \"><div class=\"wpb_wrapper\">\n<h2>Czym r\u00f3\u017cni si\u0119 \u015blub symboliczny od humanistycznego?<\/h2>\n<\/div> <\/div> <div class=\"wpb_text_column \"><div class=\"wpb_wrapper\"><p>Aby m\u00f3c lepiej zrozumie\u0107 czym s\u0105 \u015bluby humanistyczne, musimy wyj\u015b\u0107 od og\u00f3lniejszego poj\u0119cia i przedstawi\u0107 najpierw ide\u0119 \u015blubu symbolicznego. Jest to \u015blub, kt\u00f3ry nie niesie za sob\u0105 \u017cadnych konsekwencji prawnych, wi\u0119c je\u017celi chcecie zosta\u0107 m\u0119\u017cem i \u017con\u0105 w \u015bwietle prawa, musicie wzi\u0105\u0107 dodatkowo \u015blub cywilny. \u015alubu symbolicznego mo\u017ce udzieli\u0107 ka\u017cdy: najlepsza przyjaci\u00f3\u0142ka, mama, brat, a nawet babcia. Og\u00f3lny styl takiej uroczysto\u015bci zale\u017cy tylko i wy\u0142\u0105cznie od Waszej pomys\u0142owo\u015bci. Sami bowiem mo\u017cecie stworzy\u0107 scenariusz ca\u0142ej ceremonii.<\/p>\n<p>Czym natomiast jest \u015blub humanistyczny? Podobnie do \u015blubu symbolicznego, nie niesie ze sob\u0105 konsekwencji prawnych, wi\u0119c w pewnym sensie nale\u017cy do rodziny \u015blub\u00f3w symbolicznych, ale tutaj obowi\u0105zuj\u0105 ju\u017c pewne regu\u0142y. Mo\u017cna powiedzie\u0107, \u017ce ka\u017cdy \u015blub humanistyczny jest \u015blubem symbolicznym, ale nie ka\u017cdy \u015blub symboliczny jest te\u017c \u015blubem humanistycznym.<\/p>\n<p>Przede wszystkim \u015blub humanistyczny jest ceremoni\u0105 udzielan\u0105 zgodnie z filozofi\u0105 humanistyczn\u0105. Humanizm, jaka sama nazwa wskazuje, skupia si\u0119 g\u0142\u00f3wnie na cz\u0142owieku i jego godno\u015bci, szcz\u0119\u015bciu i rozwoju. W tym nurcie wykluczamy zupe\u0142nie egoizm, a stawiamy na empati\u0119 oraz solidarno\u015b\u0107. Takiego \u015blubu mo\u017ce udzieli\u0107 jedynie humanista. Tutaj r\u00f3wnie\u017c przygotowywany jest przy wsp\u00f3\u0142pracy z Wami scenariusz ceremonii, kt\u00f3ry ma nada\u0107 spersonalizowany charakter uroczysto\u015bci.<\/p><\/div> <\/div> <\/div><div class=\" one-third\"><div class=\"w-image  align_center\"><img loading=\"lazy\" decoding=\"async\" width=\"600\" height=\"900\" src=\"https:\/\/wytworniaslubow.pl\/wp-content\/uploads\/2020\/09\/slub-humanistyczny.jpg\" class=\"attachment-full size-full\" alt=\"\u015blub humanistyczny\" srcset=\"https:\/\/wytworniaslubow.pl\/wp-content\/uploads\/2020\/09\/slub-humanistyczny.jpg 600w, https:\/\/wytworniaslubow.pl\/wp-content\/uploads\/2020\/09\/slub-humanistyczny-200x300.jpg 200w\" sizes=\"auto, (max-width: 600px) 100vw, 600px\" \/><\/div><\/div><\/div><\/div><\/section><section class=\"l-section wpb_row height_small color_alternate\"><div class=\"l-section-h g-html i-cf\"><div class=\"g-cols offset_small\"><div class=\" full-width\"><div class=\"wpb_text_column \"><div class=\"wpb_wrapper\">\n<p style=\"text-align: center;\">\u015alub, kt\u00f3ry wsp\u00f3lnie zorganizujemy, nie b\u0119dzie kolejnym \u015blubem Wytw\u00f3rni \u015alub\u00f3w.<\/p>\n<h3 style=\"text-align: center;\">B\u0119dzie Waszym \u015alubem i Wasz\u0105 histori\u0105.<\/h3>\n<\/div> <\/div> <\/div><\/div><\/div><\/section><section class=\"l-section wpb_row height_small\"><div class=\"l-section-h g-html i-cf\"><div class=\"g-cols offset_small\"><div class=\" two-thirds\"><div class=\"wpb_text_column \"><div class=\"wpb_wrapper\">\n<h3>Dla kogo \u015blub humanistyczny?<\/h3>\n<div id=\"gtx-trans\" style=\"position: absolute; left: -165px; top: -4.0875px;\">\n<div class=\"gtx-trans-icon\"><\/div>\n<\/div>\n<\/div> <\/div> <div class=\"wpb_text_column \"><div class=\"wpb_wrapper\"><p>Cz\u0119sto zaraz po pytaniu co to jest \u015blub humanistyczny, dostajemy kolejne: dlaczego kto\u015b chce zawrze\u0107 \u015blub bez \u017cadnych konsekwencji prawnych i ko\u015bcielnych? Powod\u00f3w mo\u017ce by\u0107 kilka:<\/p>\n<ol>\n<li>Jedno z Pa\u0144stwa M\u0142odych jest obcokrajowcem. Obywatele niekt\u00f3rych kraj\u00f3w musz\u0105 przej\u015b\u0107 przez wiele formalno\u015bci, cz\u0119sto rozci\u0105gni\u0119tych w czasie, by wzi\u0105\u0107 w Polsce \u015blub, kt\u00f3ry b\u0119dzie prawnie wi\u0105\u017c\u0105cy. W\u00f3wczas M\u0142ode Pary decyduj\u0105 si\u0119 na \u015blub cywilny w innym kraju, a w Polsce, gdzie mo\u017ce towarzyszy\u0107 im ca\u0142a rodzina i przyjaciele, bior\u0105 ju\u017c tylko \u015blub humanistyczny lub symboliczny.<\/li>\n<li>M\u0142ode Pary pragn\u0105 ceremonii dok\u0142adnie skrojonej na ich miar\u0119 i w ka\u017cdym calu spersonalizowanej. Nie ma drugiego tak elastycznego rodzaju \u015blubu, jak \u015blub symboliczny. Ceremonia cywilna nie pozostawia wiele przestrzeni na dostosowanie jej do swoich marze\u0144.<\/li>\n<li>M\u0142ode Pary \u017cyj\u0105 w duchu filozofii humanistycznej i uto\u017csamiaj\u0105 si\u0119 z ni\u0105.<\/li>\n<\/ol>\n<p>Zanim podejmiesz decyzj\u0119 zastan\u00f3w si\u0119, kt\u00f3ra opcja ceremonii jest dla Was najbardziej dogodna i najbli\u017csza Waszym warto\u015bciom.<\/p>\n<p>\u015alub humanistyczny niesie ze sob\u0105 pi\u0119kn\u0105 tradycj\u0119 oraz wy\u017csze idee. Taka ceremonia ma wymiar emocjonalny i duchowy. Je\u015bli to spe\u0142nienie Waszych marze\u0144, bierzmy si\u0119 za organizacj\u0119.<\/p><\/div> <\/div> <\/div><div class=\" one-third\"><div class=\"w-image  align_center\"><img loading=\"lazy\" decoding=\"async\" width=\"600\" height=\"900\" src=\"https:\/\/wytworniaslubow.pl\/wp-content\/uploads\/2020\/09\/co-to-jest-slub-humanistyczny-1.jpg\" class=\"attachment-full size-full\" alt=\"Co to jest \u015blub humanistyczny?\" srcset=\"https:\/\/wytworniaslubow.pl\/wp-content\/uploads\/2020\/09\/co-to-jest-slub-humanistyczny-1.jpg 600w, https:\/\/wytworniaslubow.pl\/wp-content\/uploads\/2020\/09\/co-to-jest-slub-humanistyczny-1-200x300.jpg 200w\" sizes=\"auto, (max-width: 600px) 100vw, 600px\" \/><\/div><\/div><\/div><\/div><\/section><section class=\"l-section wpb_row height_small color_alternate\"><div class=\"l-section-h g-html i-cf\"><div class=\"g-cols offset_small\"><div class=\" full-width\"><div class=\"wpb_text_column \"><div class=\"wpb_wrapper\">\n<h3 style=\"text-align: center;\">Tak m\u00f3wi\u0105 o nas nasze M\u0142ode Pary<\/h3>\n<\/div> <\/div> <\/div><\/div><\/div><\/section><section class=\"l-section wpb_row height_small\"><div class=\"l-section-h g-html i-cf\"><div class=\"g-cols offset_small\"><div class=\" full-width\"><div class=\"g-cols wpb_row offset_small vc_inner \"><div class=\" full-width\"><div class=\"wpb_text_column \"><div class=\"wpb_wrapper\">\n<p style=\"text-align: center;\">Zaufanie, jakim obdarzy\u0142y nas nasze cudowne M\u0142ode Pary, jest dla nas najpi\u0119kniejsz\u0105 nagrod\u0105.<\/p>\n<p style=\"text-align: center;\">Zobacz, co m\u00f3wi\u0105 o wsp\u00f3\u0142pracy z nami nasi Klienci:<\/p>\n<\/div> <\/div> <\/div><\/div><\/div><\/div><\/div><\/section><section class=\"l-section wpb_row height_small\"><div class=\"l-section-h g-html i-cf\"><div class=\"g-cols offset_small\"><div class=\" full-width\"><div class=\"g-cols wpb_row offset_small vc_inner \"><div class=\" full-width\"><div class=\"w-testimonial style_1\"><blockquote><q class=\"w-testimonial-text\">Droga Agnieszko!<\/p>\n<p>Ju\u017c na pierwszym spotkaniu, kiedy na kilka miesi\u0119cy przed \u015blubem przysz\u0142am do biura Wytw\u00f3rni \u015alub\u00f3w, wprowadzi\u0142a\u015b we mnie od razu spok\u00f3j i po zaledwie p\u00f3\u0142tora godzinnej rozmowie wiedzia\u0142am ju\u017c, \u017ce nasz \u015blub b\u0119dzie dok\u0142adnie taki, o jakim z Philippem marzymy.<\/p>\n<p>Wasz spos\u00f3b pracy, organizacji, indywidualne podej\u015bcie do klienta, zar\u00f3wno z Twojej, jak i Laury strony, by\u0142y dla nas mi\u0142ym zaskoczeniem wielokrotnie (&#8230;)<\/q><div class=\"w-testimonial-person\"><img loading=\"lazy\" decoding=\"async\" src=\"https:\/\/wytworniaslubow.pl\/wp-content\/uploads\/2013\/05\/Justynka-Philipp-Mini1-150x150.jpg\" width=\"150\" height=\"150\" alt=\"\"><span class=\"w-testimonial-person-name\">Justyna &amp; Philipp<\/span><span class=\"w-testimonial-person-meta\">M\u0142oda Para<\/span><\/div><\/blockquote><\/div><\/div><\/div><div class=\"w-separator type_invisible size_medium thick_1 style_solid color_border cont_none\"><span class=\"w-separator-h\"><\/span><\/div><div class=\"w-btn-wrapper align_center\"><a class=\"w-btn style_solid size_medium color_secondary icon_none\" href=\"https:\/\/wytworniaslubow.pl\/pl\/referencje\/\" title=\"referencje\"><span class=\"w-btn-label\">Wi\u0119cej Referencji<\/span><\/a><\/div><\/div><\/div><\/div><\/section><section class=\"l-section wpb_row height_small color_alternate\"><div class=\"l-section-h g-html i-cf\"><div class=\"g-cols offset_small\"><div class=\" full-width\"><div class=\"wpb_text_column \"><div class=\"wpb_wrapper\">\n<h3 style=\"text-align: center;\">Wybierz pakiet, kt\u00f3ry najlepiej Ci pomo\u017ce<\/h3>\n<\/div> <\/div> <div class=\"w-actionbox color_custom controls_right\" style=\"color:#454144;\"><div class=\"w-actionbox-text\"><h2>Um\u00f3w si\u0119 na rozmow\u0119<\/h2><p>sprawd\u017a, jak mo\u017cemy Wam pom\u00f3c!<\/p><\/div><div class=\"w-actionbox-controls\"><a class=\"w-btn color_primary style_solid size_small icon_none\" href=\"https:\/\/wytworniaslubow.pl\/pl\/kontakt\/\"><span class=\"w-btn-label\">Zadzwo\u0144 lub napisz<\/span><\/a><\/div><\/div><\/div><\/div><\/div><\/section><section class=\"l-section wpb_row height_medium\"><div class=\"l-section-h g-html i-cf\"><div class=\"g-cols offset_small\"><div class=\" full-width\"><div class=\"w-person layout_toplinks\"><div class=\"w-person-image\"><img loading=\"lazy\" decoding=\"async\" src=\"https:\/\/wytworniaslubow.pl\/wp-content\/uploads\/2023\/04\/Wedding-Planner-Agnieszka-Kudela-1325-S-600x600.jpg\" width=\"600\" height=\"600\" alt=\"Agnieszka Kudela\"><\/div><div class=\"w-person-content\"><h4 class=\"w-person-name\"><span>Agnieszka Kudela<\/span><\/h4><div class=\"w-person-role\">Wedding Plannerka, W\u0142a\u015bcicielka Wytw\u00f3rni \u015alub\u00f3w<\/div><div class=\"w-person-description\"><a href=\"tel:+48 602 250 204\">+48 602 250 204<\/a><br \/>\n<a href=\"mailto:agnieszka@wytworniaslubow.pl\">agnieszka@wytworniaslubow.pl<\/a><\/div><\/div><\/div><\/div><\/div><\/div><\/section><section class=\"l-section wpb_row height_medium\"><div class=\"l-section-h g-html i-cf\"><div class=\"g-cols offset_small\"><div class=\" full-width\"><div class=\"g-cols wpb_row offset_large vc_inner \"><div class=\" one-half\"><div class=\"w-person layout_toplinks\"><div class=\"w-person-image\"><img loading=\"lazy\" decoding=\"async\" src=\"https:\/\/wytworniaslubow.pl\/wp-content\/uploads\/2021\/08\/Kurs-Wedding-Planner.png\" width=\"599\" height=\"599\" alt=\"\u0141ukasz Sabiszewski\"><\/div><div class=\"w-person-content\"><h4 class=\"w-person-name\"><span>\u0141ukasz Sabiszewski<\/span><\/h4><div class=\"w-person-role\">Asystent, Koordynator weselny<\/div><div class=\"w-person-description\"><a href=\"tel: +48 665 718 500\">+48 665 718 500<\/a><br \/>\n<a href=\"mailto:akademia@wytworniaslubow.pl\">akademia@wytworniaslubow.pl<\/a><\/div><\/div><\/div><\/div><div class=\" one-half\"><div class=\"w-person layout_toplinks\"><div class=\"w-person-image\"><img loading=\"lazy\" decoding=\"async\" src=\"https:\/\/wytworniaslubow.pl\/wp-content\/uploads\/2021\/08\/Wedding-Planner.jpg\" width=\"600\" height=\"600\" alt=\"Wojciech Kudela\"><\/div><div class=\"w-person-content\"><h4 class=\"w-person-name\"><span>Wojciech Kudela<\/span><\/h4><div class=\"w-person-role\">Koordynator \u015blubny<\/div><div class=\"w-person-description\"><a href=\"tel: +48 606 753 175\">+48 606 753 175<\/a><br \/>\n<a href=\"mailto:wojciech@wytworniaslubow.pl\">wojciech@wytworniaslubow.pl<\/a><\/div><\/div><\/div><\/div><\/div><div class=\"w-separator type_invisible size_medium thick_1 style_solid color_border cont_icon\"><span class=\"w-separator-h\"><i class=\"fa fa-star\"><\/i><\/span><\/div><\/div><\/div><\/div><\/section>\n","protected":false},"excerpt":{"rendered":"Ceremonia w duchu humanizmu: co to jest \u015blub humanistyczny? \u015alub humanistyczny \u015alub humanistyczny to pomys\u0142 na \u015blub w plenerze, o jakim zawsze marzy\u0142a\u015b. Nie niesie ze sob\u0105 skutk\u00f3w prawnych, ale...","protected":false},"author":1,"featured_media":0,"parent":0,"menu_order":0,"comment_status":"closed","ping_status":"closed","template":"","meta":{"footnotes":""},"class_list":["post-10280","page","type-page","status-publish","hentry"],"yoast_head":"<!-- This site is optimized with the Yoast SEO plugin v26.6 - https:\/\/yoast.com\/wordpress\/plugins\/seo\/ -->\n<title>\u015alub humanistyczny - co to? | Wytw\u00f3rnia \u015alub\u00f3w\u00ae<\/title>\n<meta name=\"description\" content=\"\u015alub humanistyczny to pomys\u0142 na \u015blub w plenerze, o jakim zawsze marzy\u0142a\u015b. Nie niesie ze sob\u0105 skutk\u00f3w prawnych, ale mo\u017ce by\u0107 wyj\u0105tkow\u0105 chwil\u0105 z zaplanowanym przez Was scenariuszem. \u015alub humanistyczny jest ceremoni\u0105 udzielan\u0105 zgodnie z filozofi\u0105 humanistyczn\u0105.\" \/>\n<meta name=\"robots\" content=\"index, follow, max-snippet:-1, max-image-preview:large, max-video-preview:-1\" \/>\n<link rel=\"canonical\" href=\"https:\/\/wytworniaslubow.pl\/pl\/slub-humanistyczny-co-to\/\" \/>\n<meta property=\"og:locale\" content=\"pl_PL\" \/>\n<meta property=\"og:type\" content=\"article\" \/>\n<meta property=\"og:title\" content=\"\u015alub humanistyczny - co to? | Wytw\u00f3rnia \u015alub\u00f3w\u00ae\" \/>\n<meta property=\"og:description\" content=\"\u015alub humanistyczny to pomys\u0142 na \u015blub w plenerze, o jakim zawsze marzy\u0142a\u015b. Nie niesie ze sob\u0105 skutk\u00f3w prawnych, ale mo\u017ce by\u0107 wyj\u0105tkow\u0105 chwil\u0105 z zaplanowanym przez Was scenariuszem. \u015alub humanistyczny jest ceremoni\u0105 udzielan\u0105 zgodnie z filozofi\u0105 humanistyczn\u0105.\" \/>\n<meta property=\"og:url\" content=\"https:\/\/wytworniaslubow.pl\/pl\/slub-humanistyczny-co-to\/\" \/>\n<meta property=\"og:site_name\" content=\"Wytw\u00f3rnia \u015alub\u00f3w\u00ae\" \/>\n<meta property=\"article:modified_time\" content=\"2023-10-24T13:49:10+00:00\" \/>\n<meta property=\"og:image\" content=\"https:\/\/wytworniaslubow.pl\/wp-content\/uploads\/2019\/03\/Wytwornia_Slubow_Wedding_Planners.png\" \/>\n<meta name=\"twitter:card\" content=\"summary_large_image\" \/>\n<meta name=\"twitter:label1\" content=\"Szacowany czas czytania\" \/>\n\t<meta name=\"twitter:data1\" content=\"5 minut\" \/>\n<script type=\"application\/ld+json\" class=\"yoast-schema-graph\">{\"@context\":\"https:\/\/schema.org\",\"@graph\":[{\"@type\":\"WebPage\",\"@id\":\"https:\/\/wytworniaslubow.pl\/pl\/slub-humanistyczny-co-to\/\",\"url\":\"https:\/\/wytworniaslubow.pl\/pl\/slub-humanistyczny-co-to\/\",\"name\":\"\u015alub humanistyczny - co to? | Wytw\u00f3rnia \u015alub\u00f3w\u00ae\",\"isPartOf\":{\"@id\":\"https:\/\/wytworniaslubow.pl\/en\/#website\"},\"datePublished\":\"2020-09-09T10:21:33+00:00\",\"dateModified\":\"2023-10-24T13:49:10+00:00\",\"description\":\"\u015alub humanistyczny to pomys\u0142 na \u015blub w plenerze, o jakim zawsze marzy\u0142a\u015b. Nie niesie ze sob\u0105 skutk\u00f3w prawnych, ale mo\u017ce by\u0107 wyj\u0105tkow\u0105 chwil\u0105 z zaplanowanym przez Was scenariuszem. \u015alub humanistyczny jest ceremoni\u0105 udzielan\u0105 zgodnie z filozofi\u0105 humanistyczn\u0105.\",\"breadcrumb\":{\"@id\":\"https:\/\/wytworniaslubow.pl\/pl\/slub-humanistyczny-co-to\/#breadcrumb\"},\"inLanguage\":\"pl-PL\",\"potentialAction\":[{\"@type\":\"ReadAction\",\"target\":[\"https:\/\/wytworniaslubow.pl\/pl\/slub-humanistyczny-co-to\/\"]}]},{\"@type\":\"BreadcrumbList\",\"@id\":\"https:\/\/wytworniaslubow.pl\/pl\/slub-humanistyczny-co-to\/#breadcrumb\",\"itemListElement\":[{\"@type\":\"ListItem\",\"position\":1,\"name\":\"Strona g\u0142\u00f3wna\",\"item\":\"https:\/\/wytworniaslubow.pl\/pl\/\"},{\"@type\":\"ListItem\",\"position\":2,\"name\":\"\u015alub humanistyczny &#8211; co to?\"}]},{\"@type\":\"WebSite\",\"@id\":\"https:\/\/wytworniaslubow.pl\/en\/#website\",\"url\":\"https:\/\/wytworniaslubow.pl\/en\/\",\"name\":\"Wytw\u00f3rnia \u015alub\u00f3w\u00ae\",\"description\":\"\",\"potentialAction\":[{\"@type\":\"SearchAction\",\"target\":{\"@type\":\"EntryPoint\",\"urlTemplate\":\"https:\/\/wytworniaslubow.pl\/en\/?s={search_term_string}\"},\"query-input\":{\"@type\":\"PropertyValueSpecification\",\"valueRequired\":true,\"valueName\":\"search_term_string\"}}],\"inLanguage\":\"pl-PL\"}]}<\/script>\n<!-- \/ Yoast SEO plugin. -->","yoast_head_json":{"title":"\u015alub humanistyczny - co to? | Wytw\u00f3rnia \u015alub\u00f3w\u00ae","description":"\u015alub humanistyczny to pomys\u0142 na \u015blub w plenerze, o jakim zawsze marzy\u0142a\u015b. Nie niesie ze sob\u0105 skutk\u00f3w prawnych, ale mo\u017ce by\u0107 wyj\u0105tkow\u0105 chwil\u0105 z zaplanowanym przez Was scenariuszem. \u015alub humanistyczny jest ceremoni\u0105 udzielan\u0105 zgodnie z filozofi\u0105 humanistyczn\u0105.","robots":{"index":"index","follow":"follow","max-snippet":"max-snippet:-1","max-image-preview":"max-image-preview:large","max-video-preview":"max-video-preview:-1"},"canonical":"https:\/\/wytworniaslubow.pl\/pl\/slub-humanistyczny-co-to\/","og_locale":"pl_PL","og_type":"article","og_title":"\u015alub humanistyczny - co to? | Wytw\u00f3rnia \u015alub\u00f3w\u00ae","og_description":"\u015alub humanistyczny to pomys\u0142 na \u015blub w plenerze, o jakim zawsze marzy\u0142a\u015b. Nie niesie ze sob\u0105 skutk\u00f3w prawnych, ale mo\u017ce by\u0107 wyj\u0105tkow\u0105 chwil\u0105 z zaplanowanym przez Was scenariuszem. \u015alub humanistyczny jest ceremoni\u0105 udzielan\u0105 zgodnie z filozofi\u0105 humanistyczn\u0105.","og_url":"https:\/\/wytworniaslubow.pl\/pl\/slub-humanistyczny-co-to\/","og_site_name":"Wytw\u00f3rnia \u015alub\u00f3w\u00ae","article_modified_time":"2023-10-24T13:49:10+00:00","og_image":[{"url":"https:\/\/wytworniaslubow.pl\/wp-content\/uploads\/2019\/03\/Wytwornia_Slubow_Wedding_Planners.png","type":"","width":"","height":""}],"twitter_card":"summary_large_image","twitter_misc":{"Szacowany czas czytania":"5 minut"},"schema":{"@context":"https:\/\/schema.org","@graph":[{"@type":"WebPage","@id":"https:\/\/wytworniaslubow.pl\/pl\/slub-humanistyczny-co-to\/","url":"https:\/\/wytworniaslubow.pl\/pl\/slub-humanistyczny-co-to\/","name":"\u015alub humanistyczny - co to? | Wytw\u00f3rnia \u015alub\u00f3w\u00ae","isPartOf":{"@id":"https:\/\/wytworniaslubow.pl\/en\/#website"},"datePublished":"2020-09-09T10:21:33+00:00","dateModified":"2023-10-24T13:49:10+00:00","description":"\u015alub humanistyczny to pomys\u0142 na \u015blub w plenerze, o jakim zawsze marzy\u0142a\u015b. Nie niesie ze sob\u0105 skutk\u00f3w prawnych, ale mo\u017ce by\u0107 wyj\u0105tkow\u0105 chwil\u0105 z zaplanowanym przez Was scenariuszem. \u015alub humanistyczny jest ceremoni\u0105 udzielan\u0105 zgodnie z filozofi\u0105 humanistyczn\u0105.","breadcrumb":{"@id":"https:\/\/wytworniaslubow.pl\/pl\/slub-humanistyczny-co-to\/#breadcrumb"},"inLanguage":"pl-PL","potentialAction":[{"@type":"ReadAction","target":["https:\/\/wytworniaslubow.pl\/pl\/slub-humanistyczny-co-to\/"]}]},{"@type":"BreadcrumbList","@id":"https:\/\/wytworniaslubow.pl\/pl\/slub-humanistyczny-co-to\/#breadcrumb","itemListElement":[{"@type":"ListItem","position":1,"name":"Strona g\u0142\u00f3wna","item":"https:\/\/wytworniaslubow.pl\/pl\/"},{"@type":"ListItem","position":2,"name":"\u015alub humanistyczny &#8211; co to?"}]},{"@type":"WebSite","@id":"https:\/\/wytworniaslubow.pl\/en\/#website","url":"https:\/\/wytworniaslubow.pl\/en\/","name":"Wytw\u00f3rnia \u015alub\u00f3w\u00ae","description":"","potentialAction":[{"@type":"SearchAction","target":{"@type":"EntryPoint","urlTemplate":"https:\/\/wytworniaslubow.pl\/en\/?s={search_term_string}"},"query-input":{"@type":"PropertyValueSpecification","valueRequired":true,"valueName":"search_term_string"}}],"inLanguage":"pl-PL"}]}},"_links":{"self":[{"href":"https:\/\/wytworniaslubow.pl\/pl\/wp-json\/wp\/v2\/pages\/10280","targetHints":{"allow":["GET"]}}],"collection":[{"href":"https:\/\/wytworniaslubow.pl\/pl\/wp-json\/wp\/v2\/pages"}],"about":[{"href":"https:\/\/wytworniaslubow.pl\/pl\/wp-json\/wp\/v2\/types\/page"}],"author":[{"embeddable":true,"href":"https:\/\/wytworniaslubow.pl\/pl\/wp-json\/wp\/v2\/users\/1"}],"replies":[{"embeddable":true,"href":"https:\/\/wytworniaslubow.pl\/pl\/wp-json\/wp\/v2\/comments?post=10280"}],"version-history":[{"count":7,"href":"https:\/\/wytworniaslubow.pl\/pl\/wp-json\/wp\/v2\/pages\/10280\/revisions"}],"predecessor-version":[{"id":14849,"href":"https:\/\/wytworniaslubow.pl\/pl\/wp-json\/wp\/v2\/pages\/10280\/revisions\/14849"}],"wp:attachment":[{"href":"https:\/\/wytworniaslubow.pl\/pl\/wp-json\/wp\/v2\/media?parent=10280"}],"curies":[{"name":"wp","href":"https:\/\/api.w.org\/{rel}","templated":true}]}}